{"id":14,"date":"2026-02-22T10:23:57","date_gmt":"2026-02-22T10:23:57","guid":{"rendered":"https:\/\/navajowhite-jellyfish-165968.hostingersite.com\/?page_id=14"},"modified":"2026-02-24T19:02:33","modified_gmt":"2026-02-24T19:02:33","slug":"arreglos-personalizados","status":"publish","type":"page","link":"https:\/\/javibermudez.com\/es\/arreglos-personalizados\/","title":{"rendered":"Arreglos personalizados"},"content":{"rendered":"<div class=\"wp-block-uagb-container uagb-block-341ba005 alignfull uagb-is-root-container\"><div class=\"uagb-container-inner-blocks-wrap\">\n<div class=\"wp-block-uagb-advanced-heading uagb-block-5c08fd84\"><h1 class=\"uagb-heading-text\">Arreglos personalizados<\/h1><p class=\"uagb-desc-text\">\u00bfNecesitas algo especial? Creo arreglos personalizados adaptados a las necesidades y capacidades espec\u00edficas de tu grupo musical.<\/p><\/div>\n\n\n\n<p class=\"has-text-align-center\">Complete el siguiente formulario con sus requisitos. Revisar\u00e9 su solicitud y le enviar\u00e9 un presupuesto personalizado. Los precios se calculan individualmente seg\u00fan la complejidad, la instrumentaci\u00f3n y el plazo de entrega.<\/p>\n\n\n<style id=\"wpforms-css-vars-68-block-57da3648-f816-4f9e-ae49-353a41c83008\">\n\t\t\t\t#wpforms-68.wpforms-block-57da3648-f816-4f9e-ae49-353a41c83008 {\n\t\t\t\t--wpforms-button-background-color: var(--ast-global-color-1);\n--wpforms-field-size-input-height: 43px;\n--wpforms-field-size-input-spacing: 15px;\n--wpforms-field-size-font-size: 16px;\n--wpforms-field-size-line-height: 19px;\n--wpforms-field-size-padding-h: 14px;\n--wpforms-field-size-checkbox-size: 16px;\n--wpforms-field-size-sublabel-spacing: 5px;\n--wpforms-field-size-icon-size: 1;\n--wpforms-label-size-font-size: 16px;\n--wpforms-label-size-line-height: 19px;\n--wpforms-label-size-sublabel-font-size: 14px;\n--wpforms-label-size-sublabel-line-height: 17px;\n--wpforms-button-size-font-size: 17px;\n--wpforms-button-size-height: 41px;\n--wpforms-button-size-padding-h: 15px;\n--wpforms-button-size-margin-top: 10px;\n\t\t\t}\n\t\t\t<\/style><div class=\"wpforms-container wpforms-container-full wpforms-block wpforms-block-57da3648-f816-4f9e-ae49-353a41c83008 wpforms-render-modern\" id=\"wpforms-68\"><form id=\"wpforms-form-68\" class=\"wpforms-validate wpforms-form wpforms-ajax-form\" data-formid=\"68\" method=\"post\" enctype=\"multipart\/form-data\" action=\"\/es\/wp-json\/wp\/v2\/pages\/14\" data-token=\"9405ce11ad7fdd97497600a75c6b81b3\" data-token-time=\"1778157172\" data-trp-original-action=\"\/es\/wp-json\/wp\/v2\/pages\/14\"><noscript class=\"wpforms-error-noscript\">Por favor, activa JavaScript en tu navegador para completar este formulario.<\/noscript><div id=\"wpforms-error-noscript\" style=\"display: none;\">Por favor, activa JavaScript en tu navegador para completar este formulario.<\/div><div class=\"wpforms-field-container\"><div id=\"wpforms-68-field_1-container\" class=\"wpforms-field wpforms-field-name\" data-field-id=\"1\"><label class=\"wpforms-field-label\" for=\"wpforms-68-field_1\">Nombre <span class=\"wpforms-required-label\" aria-hidden=\"true\">*<\/span><\/label><input type=\"text\" id=\"wpforms-68-field_1\" class=\"wpforms-field-large wpforms-field-required\" name=\"wpforms[fields][1]\" aria-errormessage=\"wpforms-68-field_1-error\" required><\/div><div id=\"wpforms-68-field_2-container\" class=\"wpforms-field wpforms-field-email\" data-field-id=\"2\"><label class=\"wpforms-field-label\" for=\"wpforms-68-field_2\">Correo electr\u00f3nico <span class=\"wpforms-required-label\" aria-hidden=\"true\">*<\/span><\/label><input type=\"email\" id=\"wpforms-68-field_2\" class=\"wpforms-field-large wpforms-field-required\" name=\"wpforms[fields][2]\" spellcheck=\"false\" aria-errormessage=\"wpforms-68-field_2-error\" required><\/div><div id=\"wpforms-68-field_4-container\" class=\"wpforms-field wpforms-field-select wpforms-field-select-style-classic\" data-field-id=\"4\"><label class=\"wpforms-field-label\" for=\"wpforms-68-field_4\">Tipo de solicitud *<\/label><select id=\"wpforms-68-field_4\" class=\"wpforms-field-large\" name=\"wpforms[fields][4]\"><option value=\"Modification of an existing arrangement\"  class=\"choice-1 depth-1\"  >Modificaci\u00f3n de un acuerdo existente<\/option><option value=\"New arrangement from scratch\"  class=\"choice-2 depth-1\"  >Nuevo arreglo desde cero<\/option><option value=\"Adding instruments\"  class=\"choice-3 depth-1\"  >Agregar instrumentos<\/option><option value=\"Other\"  class=\"choice-4 depth-1\"  >Otro<\/option><\/select><\/div><div id=\"wpforms-68-field_5-container\" class=\"wpforms-field wpforms-field-text\" data-field-id=\"5\"><label class=\"wpforms-field-label\" for=\"wpforms-68-field_5\">Estilo\/G\u00e9nero preferido<\/label><input type=\"text\" id=\"wpforms-68-field_5\" class=\"wpforms-field-large\" name=\"wpforms[fields][5]\" placeholder=\"Por ejemplo, jazz, funk, m\u00fasica latina, pop...\" aria-errormessage=\"wpforms-68-field_5-error\" ><\/div><div id=\"wpforms-68-field_6-container\" class=\"wpforms-field wpforms-field-text\" data-field-id=\"6\"><label class=\"wpforms-field-label\" for=\"wpforms-68-field_6\">Tipo de instrumentaci\u00f3n\/conjunto<\/label><input type=\"text\" id=\"wpforms-68-field_6\" class=\"wpforms-field-large\" name=\"wpforms[fields][6]\" placeholder=\"p. ej., Big Band, Banda de concierto, Conjunto peque\u00f1o...\" aria-errormessage=\"wpforms-68-field_6-error\" ><\/div>\t\t<div id=\"wpforms-68-field_3-container\"\n\t\t\tclass=\"wpforms-field wpforms-field-text\"\n\t\t\tdata-field-type=\"text\"\n\t\t\tdata-field-id=\"3\"\n\t\t\t>\n\t\t\t<label class=\"wpforms-field-label\" for=\"wpforms-68-field_3\" >Email Name \/<\/label>\n\t\t\t<input type=\"text\" id=\"wpforms-68-field_3\" class=\"wpforms-field-medium\" name=\"wpforms[fields][3]\" >\n\t\t<\/div>\n\t\t<div id=\"wpforms-68-field_7-container\" class=\"wpforms-field wpforms-field-select wpforms-field-select-style-classic\" data-field-id=\"7\"><label class=\"wpforms-field-label\" for=\"wpforms-68-field_7\">Despreciable<\/label><select id=\"wpforms-68-field_7\" class=\"wpforms-field-large\" name=\"wpforms[fields][7]\"><option value=\"Beginner\"  class=\"choice-1 depth-1\"  >Principiante<\/option><option value=\"Intermediate\"  class=\"choice-2 depth-1\"  >Intermedio<\/option><option value=\"Advanced\"  class=\"choice-3 depth-1\"  >Avanzado<\/option><option value=\"Professional\"  class=\"choice-4 depth-1\"  >Profesional<\/option><\/select><\/div><div id=\"wpforms-68-field_8-container\" class=\"wpforms-field wpforms-field-textarea\" data-field-id=\"8\"><label class=\"wpforms-field-label\" for=\"wpforms-68-field_8\">Comentarios adicionales<\/label><textarea id=\"wpforms-68-field_8\" class=\"wpforms-field-large\" name=\"wpforms[fields][8]\" placeholder=\"Cu\u00e9ntame m\u00e1s sobre tu proyecto, los requisitos espec\u00edficos, el cronograma o cualquier otro detalle...\" aria-errormessage=\"wpforms-68-field_8-error\" ><\/textarea><\/div><script>\n\t\t\t\t( function() {\n\t\t\t\t\tconst style = document.createElement( 'style' );\n\t\t\t\t\tstyle.appendChild( document.createTextNode( '#wpforms-68-field_3-container { position: absolute !important; overflow: hidden !important; display: inline !important; height: 1px !important; width: 1px !important; z-index: -1000 !important; padding: 0 !important; } #wpforms-68-field_3-container input { visibility: hidden; } #wpforms-conversational-form-page #wpforms-68-field_3-container label { counter-increment: none; }' ) );\n\t\t\t\t\tdocument.head.appendChild( style );\n\t\t\t\t\tdocument.currentScript?.remove();\n\t\t\t\t} )();\n\t\t\t<\/script><\/div><!-- .wpforms-field-container --><div class=\"wpforms-recaptcha-container wpforms-is-recaptcha wpforms-is-recaptcha-type-v3\" ><input type=\"hidden\" name=\"wpforms[recaptcha]\" value=\"\"><\/div><div class=\"wpforms-submit-container\" ><input type=\"hidden\" name=\"wpforms[id]\" value=\"68\"><input type=\"hidden\" name=\"page_title\" value=\"\"><input type=\"hidden\" name=\"page_url\" value=\"https:\/\/javibermudez.com\/es\/wp-json\/wp\/v2\/pages\/14\"><input type=\"hidden\" name=\"url_referer\" value=\"\"><button type=\"submit\" name=\"wpforms[submit]\" id=\"wpforms-submit-68\" class=\"wpforms-submit\" data-alt-text=\"Sending...\" data-submit-text=\"Submit Request\" aria-live=\"assertive\" value=\"wpforms-submit\">Enviar solicitud<\/button><img loading=\"lazy\" decoding=\"async\" src=\"https:\/\/javibermudez.com\/wp-content\/plugins\/wpforms-lite\/assets\/images\/submit-spin.svg\" class=\"wpforms-submit-spinner\" style=\"display: none;\" width=\"26\" height=\"26\" alt=\"Cargando\"><\/div><input type=\"hidden\" name=\"trp-form-language\" value=\"es\"\/><\/form><\/div>  <!-- .wpforms-container --><\/div><\/div>","protected":false},"excerpt":{"rendered":"<p>Custom Arrangements Need something special? I create custom arrangements tailored to your ensemble&#8217;s specific needs and capabilities. Fill out the [&hellip;]<\/p>","protected":false},"author":1,"featured_media":0,"parent":0,"menu_order":0,"comment_status":"closed","ping_status":"closed","template":"","meta":{"_uag_custom_page_level_css":"","site-sidebar-layout":"no-sidebar","site-content-layout":"plain-container","ast-site-content-layout":"default","site-content-style":"default","site-sidebar-style":"default","ast-global-header-display":"","ast-banner-title-visibility":"","ast-main-header-display":"","ast-hfb-above-header-display":"","ast-hfb-below-header-display":"","ast-hfb-mobile-header-display":"","site-post-title":"disabled","ast-breadcrumbs-content":"","ast-featured-img":"","footer-sml-layout":"","ast-disable-related-posts":"","theme-transparent-header-meta":"disabled","adv-header-id-meta":"","stick-header-meta":"","header-above-stick-meta":"","header-main-stick-meta":"","header-below-stick-meta":"","astra-migrate-meta-layouts":"default","ast-page-background-enabled":"default","ast-page-background-meta":{"desktop":{"background-color":"var(--ast-global-color-5)","background-image":"","background-repeat":"repeat","background-position":"center center","background-size":"auto","background-attachment":"scroll","background-type":"","background-media":"","overlay-type":"","overlay-color":"","overlay-opacity":"","overlay-gradient":""},"tablet":{"background-color":"","background-image":"","background-repeat":"repeat","background-position":"center center","background-size":"auto","background-attachment":"scroll","background-type":"","background-media":"","overlay-type":"","overlay-color":"","overlay-opacity":"","overlay-gradient":""},"mobile":{"background-color":"","background-image":"","background-repeat":"repeat","background-position":"center center","background-size":"auto","background-attachment":"scroll","background-type":"","background-media":"","overlay-type":"","overlay-color":"","overlay-opacity":"","overlay-gradient":""}},"ast-content-background-meta":{"desktop":{"background-color":"var(--ast-global-color-4)","background-image":"","background-repeat":"repeat","background-position":"center center","background-size":"auto","background-attachment":"scroll","background-type":"","background-media":"","overlay-type":"","overlay-color":"","overlay-opacity":"","overlay-gradient":""},"tablet":{"background-color":"var(--ast-global-color-4)","background-image":"","background-repeat":"repeat","background-position":"center center","background-size":"auto","background-attachment":"scroll","background-type":"","background-media":"","overlay-type":"","overlay-color":"","overlay-opacity":"","overlay-gradient":""},"mobile":{"background-color":"var(--ast-global-color-4)","background-image":"","background-repeat":"repeat","background-position":"center center","background-size":"auto","background-attachment":"scroll","background-type":"","background-media":"","overlay-type":"","overlay-color":"","overlay-opacity":"","overlay-gradient":""}},"footnotes":""},"class_list":["post-14","page","type-page","status-publish","hentry"],"yoast_head":"<!-- This site is optimized with the Yoast SEO plugin v27.4 - https:\/\/yoast.com\/product\/yoast-seo-wordpress\/ -->\n<title>Custom Arrangements - Javi Bermudez<\/title>\n<meta name=\"robots\" content=\"index, follow, max-snippet:-1, max-image-preview:large, max-video-preview:-1\" \/>\n<link rel=\"canonical\" href=\"https:\/\/javibermudez.com\/es\/arreglos-personalizados\/\" \/>\n<meta property=\"og:locale\" content=\"es_ES\" \/>\n<meta property=\"og:type\" content=\"article\" \/>\n<meta property=\"og:title\" content=\"Custom Arrangements - Javi Bermudez\" \/>\n<meta property=\"og:description\" content=\"Custom Arrangements Need something special? I create custom arrangements tailored to your ensemble&#8217;s specific needs and capabilities. Fill out the [&hellip;]\" \/>\n<meta property=\"og:url\" content=\"https:\/\/javibermudez.com\/es\/arreglos-personalizados\/\" \/>\n<meta property=\"og:site_name\" content=\"Javi Bermudez\" \/>\n<meta property=\"article:modified_time\" content=\"2026-02-24T19:02:33+00:00\" \/>\n<meta name=\"twitter:card\" content=\"summary_large_image\" \/>\n<script type=\"application\/ld+json\" class=\"yoast-schema-graph\">{\"@context\":\"https:\\\/\\\/schema.org\",\"@graph\":[{\"@type\":\"WebPage\",\"@id\":\"https:\\\/\\\/javibermudez.com\\\/custom-arrangements\\\/\",\"url\":\"https:\\\/\\\/javibermudez.com\\\/custom-arrangements\\\/\",\"name\":\"Custom Arrangements - Javi Bermudez\",\"isPartOf\":{\"@id\":\"https:\\\/\\\/javibermudez.com\\\/#website\"},\"datePublished\":\"2026-02-22T10:23:57+00:00\",\"dateModified\":\"2026-02-24T19:02:33+00:00\",\"breadcrumb\":{\"@id\":\"https:\\\/\\\/javibermudez.com\\\/custom-arrangements\\\/#breadcrumb\"},\"inLanguage\":\"es\",\"potentialAction\":[{\"@type\":\"ReadAction\",\"target\":[\"https:\\\/\\\/javibermudez.com\\\/custom-arrangements\\\/\"]}]},{\"@type\":\"BreadcrumbList\",\"@id\":\"https:\\\/\\\/javibermudez.com\\\/custom-arrangements\\\/#breadcrumb\",\"itemListElement\":[{\"@type\":\"ListItem\",\"position\":1,\"name\":\"Home\",\"item\":\"https:\\\/\\\/javibermudez.com\\\/\"},{\"@type\":\"ListItem\",\"position\":2,\"name\":\"Custom Arrangements\"}]},{\"@type\":\"WebSite\",\"@id\":\"https:\\\/\\\/javibermudez.com\\\/#website\",\"url\":\"https:\\\/\\\/javibermudez.com\\\/\",\"name\":\"Javi Bermudez\",\"description\":\"Music Scores\",\"publisher\":{\"@id\":\"https:\\\/\\\/javibermudez.com\\\/#organization\"},\"potentialAction\":[{\"@type\":\"SearchAction\",\"target\":{\"@type\":\"EntryPoint\",\"urlTemplate\":\"https:\\\/\\\/javibermudez.com\\\/?s={search_term_string}\"},\"query-input\":{\"@type\":\"PropertyValueSpecification\",\"valueRequired\":true,\"valueName\":\"search_term_string\"}}],\"inLanguage\":\"es\"},{\"@type\":\"Organization\",\"@id\":\"https:\\\/\\\/javibermudez.com\\\/#organization\",\"name\":\"Javi Bermudez\",\"url\":\"https:\\\/\\\/javibermudez.com\\\/\",\"logo\":{\"@type\":\"ImageObject\",\"inLanguage\":\"es\",\"@id\":\"https:\\\/\\\/javibermudez.com\\\/#\\\/schema\\\/logo\\\/image\\\/\",\"url\":\"https:\\\/\\\/javibermudez.com\\\/wp-content\\\/uploads\\\/bermudez_music_scores_no_bg.webp\",\"contentUrl\":\"https:\\\/\\\/javibermudez.com\\\/wp-content\\\/uploads\\\/bermudez_music_scores_no_bg.webp\",\"width\":300,\"height\":194,\"caption\":\"Javi Bermudez\"},\"image\":{\"@id\":\"https:\\\/\\\/javibermudez.com\\\/#\\\/schema\\\/logo\\\/image\\\/\"}}]}<\/script>\n<!-- \/ Yoast SEO plugin. -->","yoast_head_json":{"title":"Arreglos personalizados - Javi Bermudez","robots":{"index":"index","follow":"follow","max-snippet":"max-snippet:-1","max-image-preview":"max-image-preview:large","max-video-preview":"max-video-preview:-1"},"canonical":"https:\/\/javibermudez.com\/es\/arreglos-personalizados\/","og_locale":"es_ES","og_type":"article","og_title":"Custom Arrangements - Javi Bermudez","og_description":"Custom Arrangements Need something special? I create custom arrangements tailored to your ensemble&#8217;s specific needs and capabilities. Fill out the [&hellip;]","og_url":"https:\/\/javibermudez.com\/es\/arreglos-personalizados\/","og_site_name":"Javi Bermudez","article_modified_time":"2026-02-24T19:02:33+00:00","twitter_card":"summary_large_image","schema":{"@context":"https:\/\/schema.org","@graph":[{"@type":"WebPage","@id":"https:\/\/javibermudez.com\/custom-arrangements\/","url":"https:\/\/javibermudez.com\/custom-arrangements\/","name":"Arreglos personalizados - Javi Bermudez","isPartOf":{"@id":"https:\/\/javibermudez.com\/#website"},"datePublished":"2026-02-22T10:23:57+00:00","dateModified":"2026-02-24T19:02:33+00:00","breadcrumb":{"@id":"https:\/\/javibermudez.com\/custom-arrangements\/#breadcrumb"},"inLanguage":"es","potentialAction":[{"@type":"ReadAction","target":["https:\/\/javibermudez.com\/custom-arrangements\/"]}]},{"@type":"BreadcrumbList","@id":"https:\/\/javibermudez.com\/custom-arrangements\/#breadcrumb","itemListElement":[{"@type":"ListItem","position":1,"name":"Home","item":"https:\/\/javibermudez.com\/"},{"@type":"ListItem","position":2,"name":"Custom Arrangements"}]},{"@type":"WebSite","@id":"https:\/\/javibermudez.com\/#website","url":"https:\/\/javibermudez.com\/","name":"Javi Berm\u00fadez","description":"Partituras musicales","publisher":{"@id":"https:\/\/javibermudez.com\/#organization"},"potentialAction":[{"@type":"SearchAction","target":{"@type":"EntryPoint","urlTemplate":"https:\/\/javibermudez.com\/?s={search_term_string}"},"query-input":{"@type":"PropertyValueSpecification","valueRequired":true,"valueName":"search_term_string"}}],"inLanguage":"es"},{"@type":"Organization","@id":"https:\/\/javibermudez.com\/#organization","name":"Javi Berm\u00fadez","url":"https:\/\/javibermudez.com\/","logo":{"@type":"ImageObject","inLanguage":"es","@id":"https:\/\/javibermudez.com\/#\/schema\/logo\/image\/","url":"https:\/\/javibermudez.com\/wp-content\/uploads\/bermudez_music_scores_no_bg.webp","contentUrl":"https:\/\/javibermudez.com\/wp-content\/uploads\/bermudez_music_scores_no_bg.webp","width":300,"height":194,"caption":"Javi Bermudez"},"image":{"@id":"https:\/\/javibermudez.com\/#\/schema\/logo\/image\/"}}]}},"_hostinger_reach_plugin_has_subscription_block":false,"_hostinger_reach_plugin_is_elementor":false,"uagb_featured_image_src":{"full":false,"thumbnail":false,"medium":false,"medium_large":false,"large":false,"1536x1536":false,"2048x2048":false,"trp-custom-language-flag":false,"woocommerce_thumbnail":false,"woocommerce_single":false,"woocommerce_gallery_thumbnail":false},"uagb_author_info":{"display_name":"Francisco Jos\u00e9 GONZ\u00c1LEZ PAV\u00d3N","author_link":"https:\/\/javibermudez.com\/es\/author\/kikopavongmail-com\/"},"uagb_comment_info":0,"uagb_excerpt":"Custom Arrangements Need something special? I create custom arrangements tailored to your ensemble&#8217;s specific needs and capabilities. Fill out the [&hellip;]","_links":{"self":[{"href":"https:\/\/javibermudez.com\/es\/wp-json\/wp\/v2\/pages\/14","targetHints":{"allow":["GET"]}}],"collection":[{"href":"https:\/\/javibermudez.com\/es\/wp-json\/wp\/v2\/pages"}],"about":[{"href":"https:\/\/javibermudez.com\/es\/wp-json\/wp\/v2\/types\/page"}],"author":[{"embeddable":true,"href":"https:\/\/javibermudez.com\/es\/wp-json\/wp\/v2\/users\/1"}],"replies":[{"embeddable":true,"href":"https:\/\/javibermudez.com\/es\/wp-json\/wp\/v2\/comments?post=14"}],"version-history":[{"count":9,"href":"https:\/\/javibermudez.com\/es\/wp-json\/wp\/v2\/pages\/14\/revisions"}],"predecessor-version":[{"id":230,"href":"https:\/\/javibermudez.com\/es\/wp-json\/wp\/v2\/pages\/14\/revisions\/230"}],"wp:attachment":[{"href":"https:\/\/javibermudez.com\/es\/wp-json\/wp\/v2\/media?parent=14"}],"curies":[{"name":"wp","href":"https:\/\/api.w.org\/{rel}","templated":true}]}}