{"id":9,"date":"2026-02-22T10:23:57","date_gmt":"2026-02-22T10:23:57","guid":{"rendered":"https:\/\/navajowhite-jellyfish-165968.hostingersite.com\/?page_id=9"},"modified":"2026-04-21T10:25:54","modified_gmt":"2026-04-21T10:25:54","slug":"javi-bermudez-music-scores","status":"publish","type":"page","link":"https:\/\/javibermudez.com\/es\/","title":{"rendered":"Inicio"},"content":{"rendered":"<div class=\"wp-block-uagb-container uagb-block-93d0d6de alignfull uagb-is-root-container\">\n<div class=\"wp-block-uagb-container uagb-block-794f0d30\">\n<div class=\"wp-block-uagb-advanced-heading uagb-block-0230ad66\"><h1 class=\"uagb-heading-text\">M\u00fasica profesional <br>Puntuaciones para <br><mark class=\"uagb-highlight\">Actuaciones sobresalientes<\/mark><\/h1><p class=\"uagb-desc-text\">Arreglos elaborados con maestr\u00eda para big bands, bandas de concierto y conjuntos educativos. Cada partitura se perfecciona mediante ensayos y presentaciones reales.<\/p><\/div>\n\n\n\n<div class=\"wp-block-uagb-buttons uagb-buttons__outer-wrap uagb-btn__default-btn uagb-btn-tablet__default-btn uagb-btn-mobile__default-btn uagb-block-28e29e59\"><div class=\"uagb-buttons__wrap uagb-buttons-layout-wrap\">\n<div class=\"wp-block-uagb-buttons-child uagb-buttons__outer-wrap uagb-block-e7162287 wp-block-button\"><div class=\"uagb-button__wrapper\"><a class=\"uagb-buttons-repeater wp-block-button__link\" aria-label=\"\" href=\"https:\/\/javibermudez.com\/es\/montones\/\" rel=\"follow noopener\" target=\"_self\" role=\"button\"><div class=\"uagb-button__link\">Explorar cat\u00e1logo<\/div><span class=\"uagb-button__icon uagb-button__icon-position-after\"><svg xmlns=\"https:\/\/www.w3.org\/2000\/svg\" viewbox=\"0 0 448 512\" aria-hidden=\"true\" focussable=\"false\"><path d=\"M438.6 278.6l-160 160C272.4 444.9 264.2 448 256 448s-16.38-3.125-22.62-9.375c-12.5-12.5-12.5-32.75 0-45.25L338.8 288H32C14.33 288 .0016 273.7 .0016 256S14.33 224 32 224h306.8l-105.4-105.4c-12.5-12.5-12.5-32.75 0-45.25s32.75-12.5 45.25 0l160 160C451.1 245.9 451.1 266.1 438.6 278.6z\"><\/path><\/svg><\/span><\/a><\/div><\/div>\n\n\n\n<div class=\"wp-block-uagb-buttons-child uagb-buttons__outer-wrap uagb-block-e1847da9 wp-block-button\"><div class=\"uagb-button__wrapper\"><a class=\"uagb-buttons-repeater wp-block-button__link\" aria-label=\"\" href=\"https:\/\/javibermudez.com\/es\/acerca-de\/\" rel=\"follow noopener\" target=\"_self\" role=\"button\"><div class=\"uagb-button__link\">Acerca de m\u00ed<\/div><\/a><\/div><\/div>\n<\/div><\/div>\n<\/div>\n\n\n\n<div class=\"wp-block-uagb-container uagb-block-bc3a0f88\"><\/div>\n<\/div>\n\n\n\n<div class=\"wp-block-uagb-container uag-hide-desktop uag-hide-tab uag-hide-mob uagb-block-81a31ce2 alignfull uagb-is-root-container\"><div class=\"uagb-container-inner-blocks-wrap\">\n<div class=\"wp-block-uagb-container uagb-block-05bf354f\">\n<div class=\"wp-block-uagb-advanced-heading uagb-block-45ed7208\"><h1 class=\"uagb-heading-text\">Partituras musicales profesionales para <br><mark class=\"uagb-highlight\">Actuaciones sobresalientes<\/mark><\/h1><p class=\"uagb-desc-text\">Arreglos elaborados con maestr\u00eda para big bands, bandas de concierto y conjuntos educativos. Cada partitura se perfecciona mediante ensayos y presentaciones reales.<\/p><\/div>\n\n\n\n<div class=\"wp-block-uagb-buttons uagb-buttons__outer-wrap uagb-btn__default-btn uagb-btn-tablet__default-btn uagb-btn-mobile__default-btn uagb-block-93aa2d73\"><div class=\"uagb-buttons__wrap uagb-buttons-layout-wrap\">\n<div class=\"wp-block-uagb-buttons-child uagb-buttons__outer-wrap uagb-block-9602f109 wp-block-button\"><div class=\"uagb-button__wrapper\"><a class=\"uagb-buttons-repeater wp-block-button__link\" aria-label=\"\" href=\"#\" rel=\"follow noopener\" target=\"_self\" role=\"button\"><div class=\"uagb-button__link\">Explorar cat\u00e1logo<\/div><span class=\"uagb-button__icon uagb-button__icon-position-after\"><svg xmlns=\"https:\/\/www.w3.org\/2000\/svg\" viewbox=\"0 0 448 512\" aria-hidden=\"true\" focussable=\"false\"><path d=\"M438.6 278.6l-160 160C272.4 444.9 264.2 448 256 448s-16.38-3.125-22.62-9.375c-12.5-12.5-12.5-32.75 0-45.25L338.8 288H32C14.33 288 .0016 273.7 .0016 256S14.33 224 32 224h306.8l-105.4-105.4c-12.5-12.5-12.5-32.75 0-45.25s32.75-12.5 45.25 0l160 160C451.1 245.9 451.1 266.1 438.6 278.6z\"><\/path><\/svg><\/span><\/a><\/div><\/div>\n\n\n\n<div class=\"wp-block-uagb-buttons-child uagb-buttons__outer-wrap uagb-block-04391644 wp-block-button\"><div class=\"uagb-button__wrapper\"><a class=\"uagb-buttons-repeater wp-block-button__link\" aria-label=\"\" href=\"#\" rel=\"follow noopener\" target=\"_self\" role=\"button\"><div class=\"uagb-button__link\">M\u00e1s informaci\u00f3n<\/div><\/a><\/div><\/div>\n<\/div><\/div>\n<\/div>\n\n\n\n<div class=\"wp-block-uagb-container uagb-block-01d49bca\"><\/div>\n<\/div><\/div>\n\n\n\n<div class=\"wp-block-uagb-container uagb-block-9fb6220c alignfull uagb-is-root-container\"><div class=\"uagb-container-inner-blocks-wrap\">\n<div class=\"wp-block-uagb-container uagb-block-5dadd9d7\">\n<div class=\"wp-block-uagb-info-box uagb-block-5ce76ed3 uagb-infobox__content-wrap  uagb-infobox-icon-above-title uagb-infobox-image-valign-top\"><div class=\"uagb-ifb-content\"><div class=\"uagb-ifb-icon-wrap\"><div class=\"uagb-iconbox-icon-wrap uagb-infobox-shape-circle\"><svg xmlns=\"https:\/\/www.w3.org\/2000\/svg\" viewbox=\"0 0 384 512\"><path d=\"M381.9 388.2c-6.4 27.4-27.2 42.8-55.1 48-24.5 4.5-44.9 5.6-64.5-10.2-23.9-20.1-24.2-53.4-2.7-74.4 17-16.2 40.9-19.5 76.8-25.8 6-1.1 11.2-2.5 15.6-7.4 6.4-7.2 4.4-4.1 4.4-163.2 0-11.2-5.5-14.3-17-12.3-8.2 1.4-185.7 34.6-185.7 34.6-10.2 2.2-13.4 5.2-13.4 16.7 0 234.7 1.1 223.9-2.5 239.5-4.2 18.2-15.4 31.9-30.2 39.5-16.8 9.3-47.2 13.4-63.4 10.4-43.2-8.1-58.4-58-29.1-86.6 17-16.2 40.9-19.5 76.8-25.8 6-1.1 11.2-2.5 15.6-7.4 10.1-11.5 1.8-256.6 5.2-270.2 .8-5.2 3-9.6 7.1-12.9 4.2-3.5 11.8-5.5 13.4-5.5 204-38.2 228.9-43.1 232.4-43.1 11.5-.8 18.1 6 18.1 17.6 .2 344.5 1.1 326-1.8 338.5z\"><\/path><\/svg><\/div><\/div><div class=\"uagb-ifb-title-wrap\"><h3 class=\"uagb-ifb-title\">Calidad profesional<\/h3><\/div><p class=\"uagb-ifb-desc\">Cada arreglo est\u00e1 meticulosamente elaborado, prestando atenci\u00f3n a la correcta disposici\u00f3n de las p\u00e1ginas, el equilibrio, la armon\u00eda y la autenticidad musical.<\/p><\/div><\/div>\n<\/div>\n\n\n\n<div class=\"wp-block-uagb-container uagb-block-d9e9dda1\">\n<div class=\"wp-block-uagb-info-box uagb-block-e997370e uagb-infobox__content-wrap  uagb-infobox-icon-above-title uagb-infobox-image-valign-top\"><div class=\"uagb-ifb-content\"><div class=\"uagb-ifb-icon-wrap\"><div class=\"uagb-iconbox-icon-wrap uagb-infobox-shape-circle\"><svg xmlns=\"https:\/\/www.w3.org\/2000\/svg\" viewbox=\"0 0 384 512\"><path d=\"M361 215C375.3 223.8 384 239.3 384 256C384 272.7 375.3 288.2 361 296.1L73.03 472.1C58.21 482 39.66 482.4 24.52 473.9C9.377 465.4 0 449.4 0 432V80C0 62.64 9.377 46.63 24.52 38.13C39.66 29.64 58.21 29.99 73.03 39.04L361 215z\"><\/path><\/svg><\/div><\/div><div class=\"uagb-ifb-title-wrap\"><h3 class=\"uagb-ifb-title\">Listo para el rendimiento<\/h3><\/div><p class=\"uagb-ifb-desc\">Probado en ensayos reales y actuaciones en directo para garantizar que tu conjunto suene de la mejor manera.<\/p><\/div><\/div>\n<\/div>\n\n\n\n<div class=\"wp-block-uagb-container uagb-block-61951df7\">\n<div class=\"wp-block-uagb-info-box uagb-block-73a12f2b uagb-infobox__content-wrap  uagb-infobox-icon-above-title uagb-infobox-image-valign-top\"><div class=\"uagb-ifb-content\"><div class=\"uagb-ifb-icon-wrap\"><div class=\"uagb-iconbox-icon-wrap uagb-infobox-shape-circle\"><svg xmlns=\"https:\/\/www.w3.org\/2000\/svg\" viewbox=\"0 0 640 512\"><path d=\"M319.9 320c57.41 0 103.1-46.56 103.1-104c0-57.44-46.54-104-103.1-104c-57.41 0-103.1 46.56-103.1 104C215.9 273.4 262.5 320 319.9 320zM369.9 352H270.1C191.6 352 128 411.7 128 485.3C128 500.1 140.7 512 156.4 512h327.2C499.3 512 512 500.1 512 485.3C512 411.7 448.4 352 369.9 352zM512 160c44.18 0 80-35.82 80-80S556.2 0 512 0c-44.18 0-80 35.82-80 80S467.8 160 512 160zM183.9 216c0-5.449 .9824-10.63 1.609-15.91C174.6 194.1 162.6 192 149.9 192H88.08C39.44 192 0 233.8 0 285.3C0 295.6 7.887 304 17.62 304h199.5C196.7 280.2 183.9 249.7 183.9 216zM128 160c44.18 0 80-35.82 80-80S172.2 0 128 0C83.82 0 48 35.82 48 80S83.82 160 128 160zM551.9 192h-61.84c-12.8 0-24.88 3.037-35.86 8.24C454.8 205.5 455.8 210.6 455.8 216c0 33.71-12.78 64.21-33.16 88h199.7C632.1 304 640 295.6 640 285.3C640 233.8 600.6 192 551.9 192z\"><\/path><\/svg><\/div><\/div><div class=\"uagb-ifb-title-wrap\"><h3 class=\"uagb-ifb-title\">Para todos los conjuntos<\/h3><\/div><p class=\"uagb-ifb-desc\">Desde grupos escolares hasta agrupaciones profesionales, ofrecemos arreglos adaptados a todos los niveles.<\/p><\/div><\/div>\n<\/div>\n<\/div><\/div>\n\n\n\n<div class=\"wp-block-uagb-container uagb-block-4800f28a alignfull uagb-is-root-container\"><div class=\"uagb-container-inner-blocks-wrap\">\n<div class=\"wp-block-uagb-advanced-heading uagb-block-81202a79\"><h2 class=\"uagb-heading-text\">Arreglos destacados<\/h2><p class=\"uagb-desc-text\">Descubre las partituras m\u00e1s populares, adoradas por m\u00fasicos de todo el mundo.<br><a href=\"https:\/\/id-preview--3c72dd06-ec8e-4d01-a98e-1bf6ba4db01e.lovable.app\/scores\/malportada-nathy-peluso\"><\/a><\/p><\/div>\n\n\n<div class=\"woocommerce columns-2\"><ul class=\"products columns-2\">\n<li class=\"desktop-align-center tablet-align-left mobile-align-left ast-product-gallery-layout-first-image-large ast-product-tabs-layout-horizontal product type-product post-126 status-publish first instock product_cat-latin-jazz-soul has-post-thumbnail sale downloadable virtual sold-individually purchasable product-type-simple\">\n\t<a href=\"https:\/\/javibermudez.com\/es\/producto\/la-presa\/\" class=\"woocommerce-LoopProduct-link woocommerce-loop-product__link\">\n\t\n\t<img loading=\"lazy\" decoding=\"async\" width=\"800\" height=\"450\" src=\"https:\/\/javibermudez.com\/wp-content\/uploads\/la-presa-2-800x450.webp\" class=\"attachment-woocommerce_thumbnail size-woocommerce_thumbnail\" alt=\"La Presa\" srcset=\"https:\/\/javibermudez.com\/wp-content\/uploads\/la-presa-2-800x450.webp 800w, https:\/\/javibermudez.com\/wp-content\/uploads\/la-presa-2-300x169.webp 300w, https:\/\/javibermudez.com\/wp-content\/uploads\/la-presa-2-768x432.webp 768w, https:\/\/javibermudez.com\/wp-content\/uploads\/la-presa-2.webp 1024w\" sizes=\"auto, (max-width: 800px) 100vw, 800px\" \/><h2 class=\"woocommerce-loop-product__title\">La Presa<\/h2>\n\t<span class=\"price\"><del aria-hidden=\"true\"><span class=\"woocommerce-Price-amount amount\"><bdi>75,00<span class=\"woocommerce-Price-currencySymbol\">\u20ac<\/span><\/bdi><\/span><\/del> <span class=\"screen-reader-text\" data-no-translation=\"\" data-trp-gettext=\"\">El precio original era: 75,00&euro;.<\/span><ins aria-hidden=\"true\"><span class=\"woocommerce-Price-amount amount\"><bdi>50,00<span class=\"woocommerce-Price-currencySymbol\">\u20ac<\/span><\/bdi><\/span><\/ins><span class=\"screen-reader-text\" data-no-translation=\"\" data-trp-gettext=\"\">El precio actual es: 50,00&euro;.<\/span><\/span>\n<\/a><a href=\"\/es\/wp-json\/wp\/v2\/pages\/9?add-to-cart=126\" aria-describedby=\"woocommerce_loop_add_to_cart_link_describedby_126\" data-quantity=\"1\" class=\"button product_type_simple add_to_cart_button ajax_add_to_cart\" data-product_id=\"126\" data-product_sku=\"\" aria-label=\"A\u00f1adir al carrito: \u201cLa Presa\u201d\" rel=\"nofollow\" data-success_message=\"\u00abLa Presa\u00bb se ha a\u00f1adido a tu carrito\" data-no-translation=\"\" data-trp-gettext=\"\" data-no-translation-aria-label=\"\" data-no-translation-data-success_message=\"\">A\u00f1adir al carrito<\/a>\t<span id=\"woocommerce_loop_add_to_cart_link_describedby_126\" class=\"screen-reader-text\">\n\t\t\t<\/span>\n<\/li>\n<li class=\"desktop-align-center tablet-align-left mobile-align-left ast-product-gallery-layout-first-image-large ast-product-gallery-with-no-image ast-product-tabs-layout-horizontal product type-product post-119 status-publish last instock product_cat-latin-pop-funk has-post-thumbnail sale downloadable virtual purchasable product-type-simple\">\n\t<a href=\"https:\/\/javibermudez.com\/es\/producto\/malportada\/\" class=\"woocommerce-LoopProduct-link woocommerce-loop-product__link\">\n\t\n\t<img loading=\"lazy\" decoding=\"async\" width=\"800\" height=\"450\" src=\"https:\/\/javibermudez.com\/wp-content\/uploads\/Malportada-800x450.webp\" class=\"attachment-woocommerce_thumbnail size-woocommerce_thumbnail\" alt=\"Malportada\" srcset=\"https:\/\/javibermudez.com\/wp-content\/uploads\/Malportada-800x450.webp 800w, https:\/\/javibermudez.com\/wp-content\/uploads\/Malportada-300x169.webp 300w, https:\/\/javibermudez.com\/wp-content\/uploads\/Malportada-768x432.webp 768w, https:\/\/javibermudez.com\/wp-content\/uploads\/Malportada.webp 1024w\" sizes=\"auto, (max-width: 800px) 100vw, 800px\" \/><h2 class=\"woocommerce-loop-product__title\">Malportada<\/h2>\n\t<span class=\"price\"><del aria-hidden=\"true\"><span class=\"woocommerce-Price-amount amount\"><bdi>75,00<span class=\"woocommerce-Price-currencySymbol\">\u20ac<\/span><\/bdi><\/span><\/del> <span class=\"screen-reader-text\" data-no-translation=\"\" data-trp-gettext=\"\">El precio original era: 75,00&euro;.<\/span><ins aria-hidden=\"true\"><span class=\"woocommerce-Price-amount amount\"><bdi>50,00<span class=\"woocommerce-Price-currencySymbol\">\u20ac<\/span><\/bdi><\/span><\/ins><span class=\"screen-reader-text\" data-no-translation=\"\" data-trp-gettext=\"\">El precio actual es: 50,00&euro;.<\/span><\/span>\n<\/a><a href=\"\/es\/wp-json\/wp\/v2\/pages\/9?add-to-cart=119\" aria-describedby=\"woocommerce_loop_add_to_cart_link_describedby_119\" data-quantity=\"1\" class=\"button product_type_simple add_to_cart_button ajax_add_to_cart\" data-product_id=\"119\" data-product_sku=\"\" aria-label=\"A\u00f1adir al carrito: \u201cMalportada\u201d\" rel=\"nofollow\" data-success_message=\"\u00abMalportada\u00bb se ha a\u00f1adido a tu carrito\" data-no-translation=\"\" data-trp-gettext=\"\" data-no-translation-aria-label=\"\" data-no-translation-data-success_message=\"\">A\u00f1adir al carrito<\/a>\t<span id=\"woocommerce_loop_add_to_cart_link_describedby_119\" class=\"screen-reader-text\">\n\t\t\t<\/span>\n<\/li>\n<\/ul>\n<\/div>\n\n\n\n<div class=\"wp-block-uagb-buttons uagb-buttons__outer-wrap uagb-btn__default-btn uagb-btn-tablet__default-btn uagb-btn-mobile__default-btn uagb-block-d222bbeb\"><div class=\"uagb-buttons__wrap uagb-buttons-layout-wrap\">\n<div class=\"wp-block-uagb-buttons-child uagb-buttons__outer-wrap uagb-block-0aaf89aa wp-block-button\"><div class=\"uagb-button__wrapper\"><a class=\"uagb-buttons-repeater wp-block-button__link\" aria-label=\"\" href=\"https:\/\/javibermudez.com\/es\/montones\/\" rel=\"follow noopener\" target=\"_self\" role=\"button\"><div class=\"uagb-button__link\">Explorar cat\u00e1logo<\/div><span class=\"uagb-button__icon uagb-button__icon-position-after\"><svg xmlns=\"https:\/\/www.w3.org\/2000\/svg\" viewbox=\"0 0 448 512\" aria-hidden=\"true\" focussable=\"false\"><path d=\"M438.6 278.6l-160 160C272.4 444.9 264.2 448 256 448s-16.38-3.125-22.62-9.375c-12.5-12.5-12.5-32.75 0-45.25L338.8 288H32C14.33 288 .0016 273.7 .0016 256S14.33 224 32 224h306.8l-105.4-105.4c-12.5-12.5-12.5-32.75 0-45.25s32.75-12.5 45.25 0l160 160C451.1 245.9 451.1 266.1 438.6 278.6z\"><\/path><\/svg><\/span><\/a><\/div><\/div>\n<\/div><\/div>\n<\/div><\/div>\n\n\n\n<p><\/p>","protected":false},"excerpt":{"rendered":"<p>Professional Music Scores for Outstanding Performances Expertly crafted arrangements for big bands, concert bands, and educational ensembles. Every score is [&hellip;]<\/p>","protected":false},"author":1,"featured_media":0,"parent":0,"menu_order":0,"comment_status":"closed","ping_status":"closed","template":"","meta":{"_uag_custom_page_level_css":"","site-sidebar-layout":"no-sidebar","site-content-layout":"plain-container","ast-site-content-layout":"default","site-content-style":"default","site-sidebar-style":"default","ast-global-header-display":"","ast-banner-title-visibility":"","ast-main-header-display":"","ast-hfb-above-header-display":"","ast-hfb-below-header-display":"","ast-hfb-mobile-header-display":"","site-post-title":"disabled","ast-breadcrumbs-content":"","ast-featured-img":"","footer-sml-layout":"","ast-disable-related-posts":"","theme-transparent-header-meta":"default","adv-header-id-meta":"","stick-header-meta":"","header-above-stick-meta":"","header-main-stick-meta":"","header-below-stick-meta":"","astra-migrate-meta-layouts":"default","ast-page-background-enabled":"default","ast-page-background-meta":{"desktop":{"background-color":"var(--ast-global-color-5)","background-image":"","background-repeat":"repeat","background-position":"center center","background-size":"auto","background-attachment":"scroll","background-type":"","background-media":"","overlay-type":"","overlay-color":"","overlay-opacity":"","overlay-gradient":""},"tablet":{"background-color":"","background-image":"","background-repeat":"repeat","background-position":"center center","background-size":"auto","background-attachment":"scroll","background-type":"","background-media":"","overlay-type":"","overlay-color":"","overlay-opacity":"","overlay-gradient":""},"mobile":{"background-color":"","background-image":"","background-repeat":"repeat","background-position":"center center","background-size":"auto","background-attachment":"scroll","background-type":"","background-media":"","overlay-type":"","overlay-color":"","overlay-opacity":"","overlay-gradient":""}},"ast-content-background-meta":{"desktop":{"background-color":"var(--ast-global-color-4)","background-image":"","background-repeat":"repeat","background-position":"center center","background-size":"auto","background-attachment":"scroll","background-type":"","background-media":"","overlay-type":"","overlay-color":"","overlay-opacity":"","overlay-gradient":""},"tablet":{"background-color":"var(--ast-global-color-4)","background-image":"","background-repeat":"repeat","background-position":"center center","background-size":"auto","background-attachment":"scroll","background-type":"","background-media":"","overlay-type":"","overlay-color":"","overlay-opacity":"","overlay-gradient":""},"mobile":{"background-color":"var(--ast-global-color-4)","background-image":"","background-repeat":"repeat","background-position":"center center","background-size":"auto","background-attachment":"scroll","background-type":"","background-media":"","overlay-type":"","overlay-color":"","overlay-opacity":"","overlay-gradient":""}},"footnotes":""},"class_list":["post-9","page","type-page","status-publish","hentry"],"yoast_head":"<!-- This site is optimized with the Yoast SEO plugin v27.4 - https:\/\/yoast.com\/product\/yoast-seo-wordpress\/ -->\n<title>Home - Javi Bermudez<\/title>\n<meta name=\"description\" content=\"Expertly crafted arrangements for big bands, concert bands, and educational ensembles. Every score is refined through real-world rehearsals and performances.\" \/>\n<meta name=\"robots\" content=\"index, follow, max-snippet:-1, max-image-preview:large, max-video-preview:-1\" \/>\n<link rel=\"canonical\" href=\"https:\/\/javibermudez.com\/es\/\" \/>\n<meta property=\"og:locale\" content=\"es_ES\" \/>\n<meta property=\"og:type\" content=\"article\" \/>\n<meta property=\"og:title\" content=\"Home - Javi Bermudez\" \/>\n<meta property=\"og:description\" content=\"Expertly crafted arrangements for big bands, concert bands, and educational ensembles. Every score is refined through real-world rehearsals and performances.\" \/>\n<meta property=\"og:url\" content=\"https:\/\/javibermudez.com\/es\/\" \/>\n<meta property=\"og:site_name\" content=\"Javi Bermudez\" \/>\n<meta property=\"article:modified_time\" content=\"2026-04-21T10:25:54+00:00\" \/>\n<meta name=\"twitter:card\" content=\"summary_large_image\" \/>\n<meta name=\"twitter:label1\" content=\"Tiempo de lectura\" \/>\n\t<meta name=\"twitter:data1\" content=\"1 minuto\" \/>\n<script type=\"application\/ld+json\" class=\"yoast-schema-graph\">{\"@context\":\"https:\\\/\\\/schema.org\",\"@graph\":[{\"@type\":\"WebPage\",\"@id\":\"https:\\\/\\\/javibermudez.com\\\/\",\"url\":\"https:\\\/\\\/javibermudez.com\\\/\",\"name\":\"Home - Javi Bermudez\",\"isPartOf\":{\"@id\":\"https:\\\/\\\/javibermudez.com\\\/#website\"},\"datePublished\":\"2026-02-22T10:23:57+00:00\",\"dateModified\":\"2026-04-21T10:25:54+00:00\",\"description\":\"Expertly crafted arrangements for big bands, concert bands, and educational ensembles. Every score is refined through real-world rehearsals and performances.\",\"breadcrumb\":{\"@id\":\"https:\\\/\\\/javibermudez.com\\\/#breadcrumb\"},\"inLanguage\":\"es\",\"potentialAction\":[{\"@type\":\"ReadAction\",\"target\":[\"https:\\\/\\\/javibermudez.com\\\/\"]}]},{\"@type\":\"BreadcrumbList\",\"@id\":\"https:\\\/\\\/javibermudez.com\\\/#breadcrumb\",\"itemListElement\":[{\"@type\":\"ListItem\",\"position\":1,\"name\":\"Home\",\"item\":\"https:\\\/\\\/javibermudez.com\\\/\"},{\"@type\":\"ListItem\",\"position\":2,\"name\":\"Home\"}]},{\"@type\":\"WebSite\",\"@id\":\"https:\\\/\\\/javibermudez.com\\\/#website\",\"url\":\"https:\\\/\\\/javibermudez.com\\\/\",\"name\":\"Javi Bermudez\",\"description\":\"Music Scores\",\"publisher\":{\"@id\":\"https:\\\/\\\/javibermudez.com\\\/#organization\"},\"potentialAction\":[{\"@type\":\"SearchAction\",\"target\":{\"@type\":\"EntryPoint\",\"urlTemplate\":\"https:\\\/\\\/javibermudez.com\\\/?s={search_term_string}\"},\"query-input\":{\"@type\":\"PropertyValueSpecification\",\"valueRequired\":true,\"valueName\":\"search_term_string\"}}],\"inLanguage\":\"es\"},{\"@type\":\"Organization\",\"@id\":\"https:\\\/\\\/javibermudez.com\\\/#organization\",\"name\":\"Javi Bermudez\",\"url\":\"https:\\\/\\\/javibermudez.com\\\/\",\"logo\":{\"@type\":\"ImageObject\",\"inLanguage\":\"es\",\"@id\":\"https:\\\/\\\/javibermudez.com\\\/#\\\/schema\\\/logo\\\/image\\\/\",\"url\":\"https:\\\/\\\/javibermudez.com\\\/wp-content\\\/uploads\\\/bermudez_music_scores_no_bg.webp\",\"contentUrl\":\"https:\\\/\\\/javibermudez.com\\\/wp-content\\\/uploads\\\/bermudez_music_scores_no_bg.webp\",\"width\":300,\"height\":194,\"caption\":\"Javi Bermudez\"},\"image\":{\"@id\":\"https:\\\/\\\/javibermudez.com\\\/#\\\/schema\\\/logo\\\/image\\\/\"}}]}<\/script>\n<!-- \/ Yoast SEO plugin. -->","yoast_head_json":{"title":"Inicio - Javi Berm\u00fadez","description":"Arreglos elaborados con maestr\u00eda para big bands, bandas de concierto y conjuntos educativos. Cada partitura se perfecciona mediante ensayos y presentaciones reales.","robots":{"index":"index","follow":"follow","max-snippet":"max-snippet:-1","max-image-preview":"max-image-preview:large","max-video-preview":"max-video-preview:-1"},"canonical":"https:\/\/javibermudez.com\/es\/","og_locale":"es_ES","og_type":"article","og_title":"Home - Javi Bermudez","og_description":"Expertly crafted arrangements for big bands, concert bands, and educational ensembles. Every score is refined through real-world rehearsals and performances.","og_url":"https:\/\/javibermudez.com\/es\/","og_site_name":"Javi Bermudez","article_modified_time":"2026-04-21T10:25:54+00:00","twitter_card":"summary_large_image","twitter_misc":{"Tiempo de lectura":"1 minuto"},"schema":{"@context":"https:\/\/schema.org","@graph":[{"@type":"WebPage","@id":"https:\/\/javibermudez.com\/","url":"https:\/\/javibermudez.com\/","name":"Inicio - Javi Berm\u00fadez","isPartOf":{"@id":"https:\/\/javibermudez.com\/#website"},"datePublished":"2026-02-22T10:23:57+00:00","dateModified":"2026-04-21T10:25:54+00:00","description":"Arreglos elaborados con maestr\u00eda para big bands, bandas de concierto y conjuntos educativos. Cada partitura se perfecciona mediante ensayos y presentaciones reales.","breadcrumb":{"@id":"https:\/\/javibermudez.com\/#breadcrumb"},"inLanguage":"es","potentialAction":[{"@type":"ReadAction","target":["https:\/\/javibermudez.com\/"]}]},{"@type":"BreadcrumbList","@id":"https:\/\/javibermudez.com\/#breadcrumb","itemListElement":[{"@type":"ListItem","position":1,"name":"Home","item":"https:\/\/javibermudez.com\/"},{"@type":"ListItem","position":2,"name":"Home"}]},{"@type":"WebSite","@id":"https:\/\/javibermudez.com\/#website","url":"https:\/\/javibermudez.com\/","name":"Javi Berm\u00fadez","description":"Partituras musicales","publisher":{"@id":"https:\/\/javibermudez.com\/#organization"},"potentialAction":[{"@type":"SearchAction","target":{"@type":"EntryPoint","urlTemplate":"https:\/\/javibermudez.com\/?s={search_term_string}"},"query-input":{"@type":"PropertyValueSpecification","valueRequired":true,"valueName":"search_term_string"}}],"inLanguage":"es"},{"@type":"Organization","@id":"https:\/\/javibermudez.com\/#organization","name":"Javi Berm\u00fadez","url":"https:\/\/javibermudez.com\/","logo":{"@type":"ImageObject","inLanguage":"es","@id":"https:\/\/javibermudez.com\/#\/schema\/logo\/image\/","url":"https:\/\/javibermudez.com\/wp-content\/uploads\/bermudez_music_scores_no_bg.webp","contentUrl":"https:\/\/javibermudez.com\/wp-content\/uploads\/bermudez_music_scores_no_bg.webp","width":300,"height":194,"caption":"Javi Bermudez"},"image":{"@id":"https:\/\/javibermudez.com\/#\/schema\/logo\/image\/"}}]}},"_hostinger_reach_plugin_has_subscription_block":false,"_hostinger_reach_plugin_is_elementor":false,"uagb_featured_image_src":{"full":false,"thumbnail":false,"medium":false,"medium_large":false,"large":false,"1536x1536":false,"2048x2048":false,"trp-custom-language-flag":false,"woocommerce_thumbnail":false,"woocommerce_single":false,"woocommerce_gallery_thumbnail":false},"uagb_author_info":{"display_name":"Francisco Jos\u00e9 GONZ\u00c1LEZ PAV\u00d3N","author_link":"https:\/\/javibermudez.com\/es\/author\/kikopavongmail-com\/"},"uagb_comment_info":0,"uagb_excerpt":"Professional Music Scores for Outstanding Performances Expertly crafted arrangements for big bands, concert bands, and educational ensembles. Every score is [&hellip;]","_links":{"self":[{"href":"https:\/\/javibermudez.com\/es\/wp-json\/wp\/v2\/pages\/9","targetHints":{"allow":["GET"]}}],"collection":[{"href":"https:\/\/javibermudez.com\/es\/wp-json\/wp\/v2\/pages"}],"about":[{"href":"https:\/\/javibermudez.com\/es\/wp-json\/wp\/v2\/types\/page"}],"author":[{"embeddable":true,"href":"https:\/\/javibermudez.com\/es\/wp-json\/wp\/v2\/users\/1"}],"replies":[{"embeddable":true,"href":"https:\/\/javibermudez.com\/es\/wp-json\/wp\/v2\/comments?post=9"}],"version-history":[{"count":43,"href":"https:\/\/javibermudez.com\/es\/wp-json\/wp\/v2\/pages\/9\/revisions"}],"predecessor-version":[{"id":398,"href":"https:\/\/javibermudez.com\/es\/wp-json\/wp\/v2\/pages\/9\/revisions\/398"}],"wp:attachment":[{"href":"https:\/\/javibermudez.com\/es\/wp-json\/wp\/v2\/media?parent=9"}],"curies":[{"name":"wp","href":"https:\/\/api.w.org\/{rel}","templated":true}]}}